{"id":108,"date":"2014-11-20T07:57:03","date_gmt":"2014-11-20T07:57:03","guid":{"rendered":"http:\/\/themes.muffingroup.com\/be\/language\/?page_id=2"},"modified":"2026-01-09T00:29:59","modified_gmt":"2026-01-09T00:29:59","slug":"home","status":"publish","type":"page","link":"https:\/\/colegiosaopaulofuturo.com.br\/portal\/","title":{"rendered":"Home"},"content":{"rendered":"<div class=\"kk-star-ratings kksr-shortcode\"\n    data-payload='{&quot;id&quot;:&quot;108&quot;,&quot;slug&quot;:&quot;default&quot;,&quot;ignore&quot;:&quot;&quot;,&quot;reference&quot;:&quot;shortcode&quot;,&quot;align&quot;:&quot;&quot;,&quot;class&quot;:&quot;&quot;,&quot;count&quot;:&quot;812&quot;,&quot;legendonly&quot;:&quot;&quot;,&quot;readonly&quot;:&quot;&quot;,&quot;score&quot;:&quot;5&quot;,&quot;starsonly&quot;:&quot;&quot;,&quot;valign&quot;:&quot;&quot;,&quot;best&quot;:&quot;5&quot;,&quot;gap&quot;:&quot;4&quot;,&quot;greet&quot;:&quot;Rate this page&quot;,&quot;legend&quot;:&quot;5\\\/5 - (812 votes)&quot;,&quot;size&quot;:&quot;24&quot;,&quot;title&quot;:&quot;Home&quot;,&quot;width&quot;:&quot;138&quot;,&quot;_legend&quot;:&quot;{score}\\\/{best} - ({count} {votes})&quot;,&quot;font_factor&quot;:&quot;1.25&quot;}'>\n            \n<div class=\"kksr-stars\">\n    \n<div class=\"kksr-stars-inactive\">\n            <div class=\"kksr-star\" data-star=\"1\" style=\"padding-right: 4px\">\n            \n\n<div class=\"kksr-icon\" style=\"width: 24px; height: 24px;\"><\/div>\n        <\/div>\n            <div class=\"kksr-star\" data-star=\"2\" style=\"padding-right: 4px\">\n            \n\n<div class=\"kksr-icon\" style=\"width: 24px; height: 24px;\"><\/div>\n        <\/div>\n            <div class=\"kksr-star\" data-star=\"3\" style=\"padding-right: 4px\">\n            \n\n<div class=\"kksr-icon\" style=\"width: 24px; height: 24px;\"><\/div>\n        <\/div>\n            <div class=\"kksr-star\" data-star=\"4\" style=\"padding-right: 4px\">\n            \n\n<div class=\"kksr-icon\" style=\"width: 24px; height: 24px;\"><\/div>\n        <\/div>\n            <div class=\"kksr-star\" data-star=\"5\" style=\"padding-right: 4px\">\n            \n\n<div class=\"kksr-icon\" style=\"width: 24px; height: 24px;\"><\/div>\n        <\/div>\n    <\/div>\n    \n<div class=\"kksr-stars-active\" style=\"width: 138px;\">\n            <div class=\"kksr-star\" style=\"padding-right: 4px\">\n            \n\n<div class=\"kksr-icon\" style=\"width: 24px; height: 24px;\"><\/div>\n        <\/div>\n            <div class=\"kksr-star\" style=\"padding-right: 4px\">\n            \n\n<div class=\"kksr-icon\" style=\"width: 24px; height: 24px;\"><\/div>\n        <\/div>\n            <div class=\"kksr-star\" style=\"padding-right: 4px\">\n            \n\n<div class=\"kksr-icon\" style=\"width: 24px; height: 24px;\"><\/div>\n        <\/div>\n            <div class=\"kksr-star\" style=\"padding-right: 4px\">\n            \n\n<div class=\"kksr-icon\" style=\"width: 24px; height: 24px;\"><\/div>\n        <\/div>\n            <div class=\"kksr-star\" style=\"padding-right: 4px\">\n            \n\n<div class=\"kksr-icon\" style=\"width: 24px; height: 24px;\"><\/div>\n        <\/div>\n    <\/div>\n<\/div>\n                \n\n<div class=\"kksr-legend\" style=\"font-size: 19.2px;\">\n            5\/5 - (812 votes)    <\/div>\n    <\/div>\n<br \/>\n<span style=\"color: #333333;\">Col\u00e9gio Educa\u00e7\u00e3o Infantil &#8211; Col\u00e9gio Ensino Fundamental &#8211; Ber\u00e7\u00e1rio &#8211; Col\u00e9gio Integral &#8211; Escola Educa\u00e7\u00e3o Infantil &#8211; Escola Ensino Fundamental &#8211; Escola Integral &#8211; Col\u00e9gio na Zona Leste &#8211; Escola Particular na Zona Leste &#8211; Col\u00e9gio Particular na Zona Leste.<\/span><\/p>\n","protected":false},"excerpt":{"rendered":"<p>Col\u00e9gio Educa\u00e7\u00e3o Infantil &#8211; Col\u00e9gio Ensino Fundamental &#8211; Ber\u00e7\u00e1rio &#8211; Col\u00e9gio Integral &#8211; Escola Educa\u00e7\u00e3o Infantil &#8211; Escola Ensino Fundamental &#8211; Escola Integral &#8211; Col\u00e9gio na<span class=\"excerpt-hellip\"> [\u2026]<\/span><\/p>\n","protected":false},"author":1,"featured_media":0,"parent":0,"menu_order":0,"comment_status":"open","ping_status":"open","template":"","meta":{"footnotes":"","_joinchat":[]},"yst_prominent_words":[],"_links":{"self":[{"href":"https:\/\/colegiosaopaulofuturo.com.br\/portal\/wp-json\/wp\/v2\/pages\/108"}],"collection":[{"href":"https:\/\/colegiosaopaulofuturo.com.br\/portal\/wp-json\/wp\/v2\/pages"}],"about":[{"href":"https:\/\/colegiosaopaulofuturo.com.br\/portal\/wp-json\/wp\/v2\/types\/page"}],"author":[{"embeddable":true,"href":"https:\/\/colegiosaopaulofuturo.com.br\/portal\/wp-json\/wp\/v2\/users\/1"}],"replies":[{"embeddable":true,"href":"https:\/\/colegiosaopaulofuturo.com.br\/portal\/wp-json\/wp\/v2\/comments?post=108"}],"version-history":[{"count":7,"href":"https:\/\/colegiosaopaulofuturo.com.br\/portal\/wp-json\/wp\/v2\/pages\/108\/revisions"}],"predecessor-version":[{"id":1346,"href":"https:\/\/colegiosaopaulofuturo.com.br\/portal\/wp-json\/wp\/v2\/pages\/108\/revisions\/1346"}],"wp:attachment":[{"href":"https:\/\/colegiosaopaulofuturo.com.br\/portal\/wp-json\/wp\/v2\/media?parent=108"}],"wp:term":[{"taxonomy":"yst_prominent_words","embeddable":true,"href":"https:\/\/colegiosaopaulofuturo.com.br\/portal\/wp-json\/wp\/v2\/yst_prominent_words?post=108"}],"curies":[{"name":"wp","href":"https:\/\/api.w.org\/{rel}","templated":true}]}}